{"id":644,"date":"2021-07-16T08:49:09","date_gmt":"2021-07-16T08:49:09","guid":{"rendered":"https:\/\/thaiharmonia.hu\/?post_type=product&#038;p=644"},"modified":"2026-03-03T13:23:04","modified_gmt":"2026-03-03T11:23:04","slug":"ajandekozzon-kikapcsolodast-szeretteinek","status":"publish","type":"product","link":"https:\/\/thaiharmonia.hu\/en\/product\/ajandekozzon-kikapcsolodast-szeretteinek\/","title":{"rendered":"Aj\u00e1nd\u00e9k utalv\u00e1ny"},"content":{"rendered":"<p>Christmas, birthday, name day, anniversary, successful exam, recognition at work, bachelorette party, wedding... These are just a few occasions when choosing the right personalized gift for your loved ones can be a headache. You can't beat Thai massage, it's an ideal surprise for everyone.\u00a0<strong>Give the gift of relaxation!<\/strong><\/p>","protected":false},"excerpt":{"rendered":"<p>Kar\u00e1csony, sz\u00fclet\u00e9snap, n\u00e9vnap, \u00e9vfordul\u00f3, sikeres vizsga, munkahelyi elismer\u00e9s, le\u00e1nyb\u00facs\u00fa, esk\u00fcv\u0151\u2026 Csak n\u00e9h\u00e1ny alkalom, amikor fejt\u00f6r\u00e9st okozhat a megfelel\u0151, szem\u00e9lyre sz\u00f3l\u00f3 aj\u00e1nd\u00e9k kiv\u00e1laszt\u00e1sa szerettei sz\u00e1m\u00e1ra. A thai massz\u00e1zzsal nem lehet mell\u00e9 fogni, ide\u00e1lis meglepet\u00e9s mindenkinek.\u00a0Aj\u00e1nd\u00e9kozzon kikapcsol\u00f3d\u00e1st!<\/p>","protected":false},"featured_media":1395,"template":"","meta":{"_et_pb_use_builder":"off","_et_pb_old_content":"Kar\u00e1csony, sz\u00fclet\u00e9snap, n\u00e9vnap, \u00e9vfordul\u00f3, sikeres vizsga, munkahelyi elismer\u00e9s, le\u00e1nyb\u00facs\u00fa, esk\u00fcv\u0151\u2026 Csak n\u00e9h\u00e1ny alkalom, amikor fejt\u00f6r\u00e9st okozhat a megfelel\u0151, szem\u00e9lyre sz\u00f3l\u00f3 aj\u00e1nd\u00e9k kiv\u00e1laszt\u00e1sa szerettei sz\u00e1m\u00e1ra. A thai massz\u00e1zzsal nem lehet mell\u00e9 fogni, ide\u00e1lis meglepet\u00e9s mindenkinek.\u00a0<strong>Aj\u00e1nd\u00e9kozzon kikapcsol\u00f3d\u00e1st!<\/strong>","_et_gb_content_width":""},"product_brand":[],"product_cat":[17],"product_tag":[],"class_list":{"0":"post-644","1":"product","2":"type-product","3":"status-publish","4":"has-post-thumbnail","6":"product_cat-ajandekutalvany","8":"first","9":"instock","10":"taxable","11":"shipping-taxable","12":"purchasable","13":"product-type-variable","14":"has-default-attributes"},"yoast_head":"<!-- This site is optimized with the Yoast SEO plugin v27.5 - https:\/\/yoast.com\/product\/yoast-seo-wordpress\/ -->\n<title>Aj\u00e1nd\u00e9k utalv\u00e1ny - Thai Harm\u00f3nia Massz\u00e1zs<\/title>\n<meta name=\"robots\" content=\"index, follow, max-snippet:-1, max-image-preview:large, max-video-preview:-1\" \/>\n<link rel=\"canonical\" href=\"https:\/\/www.thaiharmonia.hu\/product\/ajandekozzon-kikapcsolodast-szeretteinek\/\" \/>\n<meta property=\"og:locale\" content=\"en_GB\" \/>\n<meta property=\"og:type\" content=\"article\" \/>\n<meta property=\"og:title\" content=\"Aj\u00e1nd\u00e9k utalv\u00e1ny - Thai Harm\u00f3nia Massz\u00e1zs\" \/>\n<meta property=\"og:description\" content=\"Kar\u00e1csony, sz\u00fclet\u00e9snap, n\u00e9vnap, \u00e9vfordul\u00f3, sikeres vizsga, munkahelyi elismer\u00e9s, le\u00e1nyb\u00facs\u00fa, esk\u00fcv\u0151\u2026 Csak n\u00e9h\u00e1ny alkalom, amikor fejt\u00f6r\u00e9st okozhat a megfelel\u0151, szem\u00e9lyre sz\u00f3l\u00f3 aj\u00e1nd\u00e9k kiv\u00e1laszt\u00e1sa szerettei sz\u00e1m\u00e1ra. A thai massz\u00e1zzsal nem lehet mell\u00e9 fogni, ide\u00e1lis meglepet\u00e9s mindenkinek.\u00a0Aj\u00e1nd\u00e9kozzon kikapcsol\u00f3d\u00e1st!\" \/>\n<meta property=\"og:url\" content=\"https:\/\/www.thaiharmonia.hu\/product\/ajandekozzon-kikapcsolodast-szeretteinek\/\" \/>\n<meta property=\"og:site_name\" content=\"Thai Harm\u00f3nia Massz\u00e1zs\" \/>\n<meta property=\"article:modified_time\" content=\"2026-03-03T11:23:04+00:00\" \/>\n<meta property=\"og:image\" content=\"https:\/\/www.thaiharmonia.hu\/wp-content\/uploads\/2021\/07\/Artboard.jpg\" \/>\n\t<meta property=\"og:image:width\" content=\"842\" \/>\n\t<meta property=\"og:image:height\" content=\"595\" \/>\n\t<meta property=\"og:image:type\" content=\"image\/jpeg\" \/>\n<meta name=\"twitter:card\" content=\"summary_large_image\" \/>\n<meta name=\"twitter:label1\" content=\"Estimated reading time\" \/>\n\t<meta name=\"twitter:data1\" content=\"1 minute\" \/>\n<script type=\"application\/ld+json\" class=\"yoast-schema-graph\">{\"@context\":\"https:\\\/\\\/schema.org\",\"@graph\":[{\"@type\":\"WebPage\",\"@id\":\"https:\\\/\\\/www.thaiharmonia.hu\\\/product\\\/ajandekozzon-kikapcsolodast-szeretteinek\\\/\",\"url\":\"https:\\\/\\\/www.thaiharmonia.hu\\\/product\\\/ajandekozzon-kikapcsolodast-szeretteinek\\\/\",\"name\":\"Aj\u00e1nd\u00e9k utalv\u00e1ny - Thai Harm\u00f3nia Massz\u00e1zs\",\"isPartOf\":{\"@id\":\"https:\\\/\\\/thaiharmonia.hu\\\/#website\"},\"primaryImageOfPage\":{\"@id\":\"https:\\\/\\\/www.thaiharmonia.hu\\\/product\\\/ajandekozzon-kikapcsolodast-szeretteinek\\\/#primaryimage\"},\"image\":{\"@id\":\"https:\\\/\\\/www.thaiharmonia.hu\\\/product\\\/ajandekozzon-kikapcsolodast-szeretteinek\\\/#primaryimage\"},\"thumbnailUrl\":\"https:\\\/\\\/thaiharmonia.hu\\\/wp-content\\\/uploads\\\/2021\\\/07\\\/Artboard.jpg\",\"datePublished\":\"2021-07-16T08:49:09+00:00\",\"dateModified\":\"2026-03-03T11:23:04+00:00\",\"breadcrumb\":{\"@id\":\"https:\\\/\\\/www.thaiharmonia.hu\\\/product\\\/ajandekozzon-kikapcsolodast-szeretteinek\\\/#breadcrumb\"},\"inLanguage\":\"en-GB\",\"potentialAction\":[{\"@type\":\"ReadAction\",\"target\":[\"https:\\\/\\\/www.thaiharmonia.hu\\\/product\\\/ajandekozzon-kikapcsolodast-szeretteinek\\\/\"]}]},{\"@type\":\"ImageObject\",\"inLanguage\":\"en-GB\",\"@id\":\"https:\\\/\\\/www.thaiharmonia.hu\\\/product\\\/ajandekozzon-kikapcsolodast-szeretteinek\\\/#primaryimage\",\"url\":\"https:\\\/\\\/thaiharmonia.hu\\\/wp-content\\\/uploads\\\/2021\\\/07\\\/Artboard.jpg\",\"contentUrl\":\"https:\\\/\\\/thaiharmonia.hu\\\/wp-content\\\/uploads\\\/2021\\\/07\\\/Artboard.jpg\",\"width\":842,\"height\":595},{\"@type\":\"BreadcrumbList\",\"@id\":\"https:\\\/\\\/www.thaiharmonia.hu\\\/product\\\/ajandekozzon-kikapcsolodast-szeretteinek\\\/#breadcrumb\",\"itemListElement\":[{\"@type\":\"ListItem\",\"position\":1,\"name\":\"Kezd\u0151lap\",\"item\":\"https:\\\/\\\/thaiharmonia.hu\\\/\"},{\"@type\":\"ListItem\",\"position\":2,\"name\":\"Aj\u00e1nd\u00e9kutalv\u00e1ny R\u00e9gi\",\"item\":\"https:\\\/\\\/www.thaiharmonia.hu\\\/?page_id=1127\"},{\"@type\":\"ListItem\",\"position\":3,\"name\":\"Aj\u00e1nd\u00e9k utalv\u00e1ny\"}]},{\"@type\":\"WebSite\",\"@id\":\"https:\\\/\\\/thaiharmonia.hu\\\/#website\",\"url\":\"https:\\\/\\\/thaiharmonia.hu\\\/\",\"name\":\"Thai Harm\u00f3nia Massz\u00e1zs\",\"description\":\"thaiharmonia.hu\",\"potentialAction\":[{\"@type\":\"SearchAction\",\"target\":{\"@type\":\"EntryPoint\",\"urlTemplate\":\"https:\\\/\\\/thaiharmonia.hu\\\/?s={search_term_string}\"},\"query-input\":{\"@type\":\"PropertyValueSpecification\",\"valueRequired\":true,\"valueName\":\"search_term_string\"}}],\"inLanguage\":\"en-GB\"}]}<\/script>\n<!-- \/ Yoast SEO plugin. -->","yoast_head_json":{"title":"Aj\u00e1nd\u00e9k utalv\u00e1ny - Thai Harm\u00f3nia Massz\u00e1zs","robots":{"index":"index","follow":"follow","max-snippet":"max-snippet:-1","max-image-preview":"max-image-preview:large","max-video-preview":"max-video-preview:-1"},"canonical":"https:\/\/www.thaiharmonia.hu\/product\/ajandekozzon-kikapcsolodast-szeretteinek\/","og_locale":"en_GB","og_type":"article","og_title":"Aj\u00e1nd\u00e9k utalv\u00e1ny - Thai Harm\u00f3nia Massz\u00e1zs","og_description":"Kar\u00e1csony, sz\u00fclet\u00e9snap, n\u00e9vnap, \u00e9vfordul\u00f3, sikeres vizsga, munkahelyi elismer\u00e9s, le\u00e1nyb\u00facs\u00fa, esk\u00fcv\u0151\u2026 Csak n\u00e9h\u00e1ny alkalom, amikor fejt\u00f6r\u00e9st okozhat a megfelel\u0151, szem\u00e9lyre sz\u00f3l\u00f3 aj\u00e1nd\u00e9k kiv\u00e1laszt\u00e1sa szerettei sz\u00e1m\u00e1ra. A thai massz\u00e1zzsal nem lehet mell\u00e9 fogni, ide\u00e1lis meglepet\u00e9s mindenkinek.\u00a0Aj\u00e1nd\u00e9kozzon kikapcsol\u00f3d\u00e1st!","og_url":"https:\/\/www.thaiharmonia.hu\/product\/ajandekozzon-kikapcsolodast-szeretteinek\/","og_site_name":"Thai Harm\u00f3nia Massz\u00e1zs","article_modified_time":"2026-03-03T11:23:04+00:00","og_image":[{"width":842,"height":595,"url":"https:\/\/www.thaiharmonia.hu\/wp-content\/uploads\/2021\/07\/Artboard.jpg","type":"image\/jpeg"}],"twitter_card":"summary_large_image","twitter_misc":{"Estimated reading time":"1 minute"},"schema":{"@context":"https:\/\/schema.org","@graph":[{"@type":"WebPage","@id":"https:\/\/www.thaiharmonia.hu\/product\/ajandekozzon-kikapcsolodast-szeretteinek\/","url":"https:\/\/www.thaiharmonia.hu\/product\/ajandekozzon-kikapcsolodast-szeretteinek\/","name":"Aj\u00e1nd\u00e9k utalv\u00e1ny - Thai Harm\u00f3nia Massz\u00e1zs","isPartOf":{"@id":"https:\/\/thaiharmonia.hu\/#website"},"primaryImageOfPage":{"@id":"https:\/\/www.thaiharmonia.hu\/product\/ajandekozzon-kikapcsolodast-szeretteinek\/#primaryimage"},"image":{"@id":"https:\/\/www.thaiharmonia.hu\/product\/ajandekozzon-kikapcsolodast-szeretteinek\/#primaryimage"},"thumbnailUrl":"https:\/\/thaiharmonia.hu\/wp-content\/uploads\/2021\/07\/Artboard.jpg","datePublished":"2021-07-16T08:49:09+00:00","dateModified":"2026-03-03T11:23:04+00:00","breadcrumb":{"@id":"https:\/\/www.thaiharmonia.hu\/product\/ajandekozzon-kikapcsolodast-szeretteinek\/#breadcrumb"},"inLanguage":"en-GB","potentialAction":[{"@type":"ReadAction","target":["https:\/\/www.thaiharmonia.hu\/product\/ajandekozzon-kikapcsolodast-szeretteinek\/"]}]},{"@type":"ImageObject","inLanguage":"en-GB","@id":"https:\/\/www.thaiharmonia.hu\/product\/ajandekozzon-kikapcsolodast-szeretteinek\/#primaryimage","url":"https:\/\/thaiharmonia.hu\/wp-content\/uploads\/2021\/07\/Artboard.jpg","contentUrl":"https:\/\/thaiharmonia.hu\/wp-content\/uploads\/2021\/07\/Artboard.jpg","width":842,"height":595},{"@type":"BreadcrumbList","@id":"https:\/\/www.thaiharmonia.hu\/product\/ajandekozzon-kikapcsolodast-szeretteinek\/#breadcrumb","itemListElement":[{"@type":"ListItem","position":1,"name":"Kezd\u0151lap","item":"https:\/\/thaiharmonia.hu\/"},{"@type":"ListItem","position":2,"name":"Aj\u00e1nd\u00e9kutalv\u00e1ny R\u00e9gi","item":"https:\/\/www.thaiharmonia.hu\/?page_id=1127"},{"@type":"ListItem","position":3,"name":"Aj\u00e1nd\u00e9k utalv\u00e1ny"}]},{"@type":"WebSite","@id":"https:\/\/thaiharmonia.hu\/#website","url":"https:\/\/thaiharmonia.hu\/","name":"Thai Harm\u00f3nia Massz\u00e1zs","description":"thaiharmonia.hu","potentialAction":[{"@type":"SearchAction","target":{"@type":"EntryPoint","urlTemplate":"https:\/\/thaiharmonia.hu\/?s={search_term_string}"},"query-input":{"@type":"PropertyValueSpecification","valueRequired":true,"valueName":"search_term_string"}}],"inLanguage":"en-GB"}]}},"_links":{"self":[{"href":"https:\/\/thaiharmonia.hu\/en\/wp-json\/wp\/v2\/product\/644","targetHints":{"allow":["GET"]}}],"collection":[{"href":"https:\/\/thaiharmonia.hu\/en\/wp-json\/wp\/v2\/product"}],"about":[{"href":"https:\/\/thaiharmonia.hu\/en\/wp-json\/wp\/v2\/types\/product"}],"wp:featuredmedia":[{"embeddable":true,"href":"https:\/\/thaiharmonia.hu\/en\/wp-json\/wp\/v2\/media\/1395"}],"wp:attachment":[{"href":"https:\/\/thaiharmonia.hu\/en\/wp-json\/wp\/v2\/media?parent=644"}],"wp:term":[{"taxonomy":"product_brand","embeddable":true,"href":"https:\/\/thaiharmonia.hu\/en\/wp-json\/wp\/v2\/product_brand?post=644"},{"taxonomy":"product_cat","embeddable":true,"href":"https:\/\/thaiharmonia.hu\/en\/wp-json\/wp\/v2\/product_cat?post=644"},{"taxonomy":"product_tag","embeddable":true,"href":"https:\/\/thaiharmonia.hu\/en\/wp-json\/wp\/v2\/product_tag?post=644"}],"curies":[{"name":"wp","href":"https:\/\/api.w.org\/{rel}","templated":true}]}}