{"id":11499,"date":"2025-12-15T12:46:58","date_gmt":"2025-12-15T10:46:58","guid":{"rendered":"https:\/\/thaiharmonia.hu\/?page_id=11499"},"modified":"2025-12-15T12:51:05","modified_gmt":"2025-12-15T10:51:05","slug":"koszonjuk-a-megkeresest-ceges","status":"publish","type":"page","link":"https:\/\/thaiharmonia.hu\/en\/koszonjuk-a-megkeresest-ceges\/","title":{"rendered":"K\u00f6sz\u00f6nj\u00fck a megkeres\u00e9st &#8211; C\u00e9ges"},"content":{"rendered":"<p>[et_pb_section fb_built=&#8221;1&#8243; fullwidth=&#8221;on&#8221; _builder_version=&#8221;4.16&#8243; _module_preset=&#8221;default&#8221; custom_margin=&#8221;||||false|false&#8221; locked=&#8221;off&#8221; global_colors_info=&#8221;{}&#8221; admin_label=&#8221;Szakasz&#8221; theme_builder_area=&#8221;post_content&#8221; da_is_popup=&#8221;off&#8221; da_exit_intent=&#8221;off&#8221; da_has_close=&#8221;on&#8221; da_alt_close=&#8221;off&#8221; da_dark_close=&#8221;off&#8221; da_not_modal=&#8221;on&#8221; da_is_singular=&#8221;off&#8221; da_with_loader=&#8221;off&#8221; da_has_shadow=&#8221;on&#8221; da_disable_devices=&#8221;off|off|off&#8221;][et_pb_fullwidth_header title=&#8221;K\u00f6sz\u00f6nj\u00fck a megkeres\u00e9st!&#8221; _builder_version=&#8221;4.27.5&#8243; _module_preset=&#8221;default&#8221; title_font=&#8221;Times New Roman||||||||&#8221; title_text_align=&#8221;center&#8221; title_font_size=&#8221;60px&#8221; title_letter_spacing=&#8221;0.2em&#8221; background_color=&#8221;rgba(0,0,0,0.61)&#8221; background_image=&#8221;https:\/\/thaiharmonia.hu\/wp-content\/uploads\/2021\/07\/hero-hotel.jpeg&#8221; background_position=&#8221;top_center&#8221; background_blend=&#8221;darken&#8221; width=&#8221;100%&#8221; max_height=&#8221;350px&#8221; custom_margin=&#8221;||||false|false&#8221; custom_padding=&#8221;100px||100px||true|false&#8221; custom_padding_tablet=&#8221;150px||150px||true|false&#8221; custom_padding_phone=&#8221;100px||100px||true|false&#8221; custom_padding_last_edited=&#8221;on|phone&#8221; hover_enabled=&#8221;0&#8243; title_font_size_tablet=&#8221;50px&#8221; title_font_size_phone=&#8221;24px&#8221; title_font_size_last_edited=&#8221;on|phone&#8221; global_colors_info=&#8221;{}&#8221; theme_builder_area=&#8221;post_content&#8221; sticky_enabled=&#8221;0&#8243; admin_label=&#8221;Teljes sz\u00e9less\u00e9g\u0171 fejl\u00e9c&#8221; text_orientation=&#8221;center&#8221;][\/et_pb_fullwidth_header][\/et_pb_section][et_pb_section fb_built=&#8221;1&#8243; _builder_version=&#8221;4.16&#8243; _module_preset=&#8221;default&#8221; global_colors_info=&#8221;{}&#8221; locked=&#8221;off&#8221; theme_builder_area=&#8221;post_content&#8221; da_is_popup=&#8221;off&#8221; da_exit_intent=&#8221;off&#8221; da_has_close=&#8221;on&#8221; da_alt_close=&#8221;off&#8221; da_dark_close=&#8221;off&#8221; da_not_modal=&#8221;on&#8221; da_is_singular=&#8221;off&#8221; da_with_loader=&#8221;off&#8221; da_has_shadow=&#8221;on&#8221; da_disable_devices=&#8221;off|off|off&#8221;][et_pb_row _builder_version=&#8221;4.16&#8243; _module_preset=&#8221;default&#8221; global_colors_info=&#8221;{}&#8221; theme_builder_area=&#8221;post_content&#8221;][et_pb_column type=&#8221;4_4&#8243; _builder_version=&#8221;4.16&#8243; _module_preset=&#8221;default&#8221; global_colors_info=&#8221;{}&#8221; theme_builder_area=&#8221;post_content&#8221;][et_pb_text _builder_version=&#8221;4.16&#8243; _module_preset=&#8221;default&#8221; text_font=&#8221;Times New Roman||||||||&#8221; text_text_color=&#8221;#2c3e50&#8243; text_font_size=&#8221;20px&#8221; text_letter_spacing=&#8221;1.17px&#8221; text_orientation=&#8221;center&#8221; custom_padding=&#8221;0px|||||&#8221; locked=&#8221;off&#8221; global_colors_info=&#8221;{}&#8221; theme_builder_area=&#8221;post_content&#8221;]<\/p>\n<p>K\u00f6sz\u00f6nj\u00fck, hogy felvette vel\u00fcnk a kapcsolatot. Kolleg\u00e1nk r\u00f6videsen keresni fogja \u00d6nt.<\/p>\n<p>[\/et_pb_text][et_pb_image src=&#8221;https:\/\/thaiharmonia.hu\/wp-content\/uploads\/2021\/07\/Galeria-kave.jpg&#8221; title_text=&#8221;Galeria-kave&#8221; align=&#8221;center&#8221; _builder_version=&#8221;4.16&#8243; _module_preset=&#8221;default&#8221; custom_margin=&#8221;10px|10px|10px|10px|false|false&#8221; border_radii=&#8221;on|10px|10px|10px|10px&#8221; global_colors_info=&#8221;{}&#8221; transform_styles__hover_enabled=&#8221;on|hover&#8221; transform_scale__hover=&#8221;102%|102%&#8221; transform_scale__hover_enabled=&#8221;on|hover&#8221; transform_translate__hover_enabled=&#8221;on|desktop&#8221; transform_rotate__hover_enabled=&#8221;on|desktop&#8221; transform_skew__hover_enabled=&#8221;on|desktop&#8221; transform_origin__hover_enabled=&#8221;on|desktop&#8221; theme_builder_area=&#8221;post_content&#8221;][\/et_pb_image][\/et_pb_column][\/et_pb_row][\/et_pb_section]<\/p>\n","protected":false},"excerpt":{"rendered":"<p>Thank you for contacting us. Our colleague will contact you shortly.<\/p>","protected":false},"author":14,"featured_media":0,"parent":0,"menu_order":0,"comment_status":"closed","ping_status":"closed","template":"","meta":{"_et_pb_use_builder":"on","_et_pb_old_content":"","_et_gb_content_width":"","footnotes":""},"class_list":["post-11499","page","type-page","status-publish","hentry"],"yoast_head":"<!-- This site is optimized with the Yoast SEO plugin v27.5 - https:\/\/yoast.com\/product\/yoast-seo-wordpress\/ -->\n<title>K\u00f6sz\u00f6nj\u00fck a megkeres\u00e9st - C\u00e9ges - Thai Harm\u00f3nia Massz\u00e1zs<\/title>\n<meta name=\"robots\" content=\"index, follow, max-snippet:-1, max-image-preview:large, max-video-preview:-1\" \/>\n<link rel=\"canonical\" href=\"https:\/\/thaiharmonia.hu\/en\/koszonjuk-a-megkeresest-ceges\/\" \/>\n<meta property=\"og:locale\" content=\"en_GB\" \/>\n<meta property=\"og:type\" content=\"article\" \/>\n<meta property=\"og:title\" content=\"K\u00f6sz\u00f6nj\u00fck a megkeres\u00e9st - C\u00e9ges - Thai Harm\u00f3nia Massz\u00e1zs\" \/>\n<meta property=\"og:description\" content=\"K\u00f6sz\u00f6nj\u00fck, hogy felvette vel\u00fcnk a kapcsolatot. Kolleg\u00e1nk r\u00f6videsen keresni fogja \u00d6nt.\" \/>\n<meta property=\"og:url\" content=\"https:\/\/thaiharmonia.hu\/en\/koszonjuk-a-megkeresest-ceges\/\" \/>\n<meta property=\"og:site_name\" content=\"Thai Harm\u00f3nia Massz\u00e1zs\" \/>\n<meta property=\"article:modified_time\" content=\"2025-12-15T10:51:05+00:00\" \/>\n<meta name=\"twitter:card\" content=\"summary_large_image\" \/>\n<script type=\"application\/ld+json\" class=\"yoast-schema-graph\">{\"@context\":\"https:\\\/\\\/schema.org\",\"@graph\":[{\"@type\":\"WebPage\",\"@id\":\"https:\\\/\\\/thaiharmonia.hu\\\/en\\\/koszonjuk-a-megkeresest-ceges\\\/\",\"url\":\"https:\\\/\\\/thaiharmonia.hu\\\/en\\\/koszonjuk-a-megkeresest-ceges\\\/\",\"name\":\"K\u00f6sz\u00f6nj\u00fck a megkeres\u00e9st - C\u00e9ges - Thai Harm\u00f3nia Massz\u00e1zs\",\"isPartOf\":{\"@id\":\"https:\\\/\\\/thaiharmonia.hu\\\/#website\"},\"datePublished\":\"2025-12-15T10:46:58+00:00\",\"dateModified\":\"2025-12-15T10:51:05+00:00\",\"breadcrumb\":{\"@id\":\"https:\\\/\\\/thaiharmonia.hu\\\/en\\\/koszonjuk-a-megkeresest-ceges\\\/#breadcrumb\"},\"inLanguage\":\"en-GB\",\"potentialAction\":[{\"@type\":\"ReadAction\",\"target\":[\"https:\\\/\\\/thaiharmonia.hu\\\/en\\\/koszonjuk-a-megkeresest-ceges\\\/\"]}]},{\"@type\":\"BreadcrumbList\",\"@id\":\"https:\\\/\\\/thaiharmonia.hu\\\/en\\\/koszonjuk-a-megkeresest-ceges\\\/#breadcrumb\",\"itemListElement\":[{\"@type\":\"ListItem\",\"position\":1,\"name\":\"Kezd\u0151lap\",\"item\":\"https:\\\/\\\/thaiharmonia.hu\\\/\"},{\"@type\":\"ListItem\",\"position\":2,\"name\":\"K\u00f6sz\u00f6nj\u00fck a megkeres\u00e9st &#8211; C\u00e9ges\"}]},{\"@type\":\"WebSite\",\"@id\":\"https:\\\/\\\/thaiharmonia.hu\\\/#website\",\"url\":\"https:\\\/\\\/thaiharmonia.hu\\\/\",\"name\":\"Thai Harm\u00f3nia Massz\u00e1zs\",\"description\":\"thaiharmonia.hu\",\"potentialAction\":[{\"@type\":\"SearchAction\",\"target\":{\"@type\":\"EntryPoint\",\"urlTemplate\":\"https:\\\/\\\/thaiharmonia.hu\\\/?s={search_term_string}\"},\"query-input\":{\"@type\":\"PropertyValueSpecification\",\"valueRequired\":true,\"valueName\":\"search_term_string\"}}],\"inLanguage\":\"en-GB\"}]}<\/script>\n<!-- \/ Yoast SEO plugin. -->","yoast_head_json":{"title":"K\u00f6sz\u00f6nj\u00fck a megkeres\u00e9st - C\u00e9ges - Thai Harm\u00f3nia Massz\u00e1zs","robots":{"index":"index","follow":"follow","max-snippet":"max-snippet:-1","max-image-preview":"max-image-preview:large","max-video-preview":"max-video-preview:-1"},"canonical":"https:\/\/thaiharmonia.hu\/en\/koszonjuk-a-megkeresest-ceges\/","og_locale":"en_GB","og_type":"article","og_title":"K\u00f6sz\u00f6nj\u00fck a megkeres\u00e9st - C\u00e9ges - Thai Harm\u00f3nia Massz\u00e1zs","og_description":"K\u00f6sz\u00f6nj\u00fck, hogy felvette vel\u00fcnk a kapcsolatot. Kolleg\u00e1nk r\u00f6videsen keresni fogja \u00d6nt.","og_url":"https:\/\/thaiharmonia.hu\/en\/koszonjuk-a-megkeresest-ceges\/","og_site_name":"Thai Harm\u00f3nia Massz\u00e1zs","article_modified_time":"2025-12-15T10:51:05+00:00","twitter_card":"summary_large_image","schema":{"@context":"https:\/\/schema.org","@graph":[{"@type":"WebPage","@id":"https:\/\/thaiharmonia.hu\/en\/koszonjuk-a-megkeresest-ceges\/","url":"https:\/\/thaiharmonia.hu\/en\/koszonjuk-a-megkeresest-ceges\/","name":"K\u00f6sz\u00f6nj\u00fck a megkeres\u00e9st - C\u00e9ges - Thai Harm\u00f3nia Massz\u00e1zs","isPartOf":{"@id":"https:\/\/thaiharmonia.hu\/#website"},"datePublished":"2025-12-15T10:46:58+00:00","dateModified":"2025-12-15T10:51:05+00:00","breadcrumb":{"@id":"https:\/\/thaiharmonia.hu\/en\/koszonjuk-a-megkeresest-ceges\/#breadcrumb"},"inLanguage":"en-GB","potentialAction":[{"@type":"ReadAction","target":["https:\/\/thaiharmonia.hu\/en\/koszonjuk-a-megkeresest-ceges\/"]}]},{"@type":"BreadcrumbList","@id":"https:\/\/thaiharmonia.hu\/en\/koszonjuk-a-megkeresest-ceges\/#breadcrumb","itemListElement":[{"@type":"ListItem","position":1,"name":"Kezd\u0151lap","item":"https:\/\/thaiharmonia.hu\/"},{"@type":"ListItem","position":2,"name":"K\u00f6sz\u00f6nj\u00fck a megkeres\u00e9st &#8211; C\u00e9ges"}]},{"@type":"WebSite","@id":"https:\/\/thaiharmonia.hu\/#website","url":"https:\/\/thaiharmonia.hu\/","name":"Thai Harm\u00f3nia Massz\u00e1zs","description":"thaiharmonia.hu","potentialAction":[{"@type":"SearchAction","target":{"@type":"EntryPoint","urlTemplate":"https:\/\/thaiharmonia.hu\/?s={search_term_string}"},"query-input":{"@type":"PropertyValueSpecification","valueRequired":true,"valueName":"search_term_string"}}],"inLanguage":"en-GB"}]}},"_links":{"self":[{"href":"https:\/\/thaiharmonia.hu\/en\/wp-json\/wp\/v2\/pages\/11499","targetHints":{"allow":["GET"]}}],"collection":[{"href":"https:\/\/thaiharmonia.hu\/en\/wp-json\/wp\/v2\/pages"}],"about":[{"href":"https:\/\/thaiharmonia.hu\/en\/wp-json\/wp\/v2\/types\/page"}],"author":[{"embeddable":true,"href":"https:\/\/thaiharmonia.hu\/en\/wp-json\/wp\/v2\/users\/14"}],"replies":[{"embeddable":true,"href":"https:\/\/thaiharmonia.hu\/en\/wp-json\/wp\/v2\/comments?post=11499"}],"version-history":[{"count":3,"href":"https:\/\/thaiharmonia.hu\/en\/wp-json\/wp\/v2\/pages\/11499\/revisions"}],"predecessor-version":[{"id":11503,"href":"https:\/\/thaiharmonia.hu\/en\/wp-json\/wp\/v2\/pages\/11499\/revisions\/11503"}],"wp:attachment":[{"href":"https:\/\/thaiharmonia.hu\/en\/wp-json\/wp\/v2\/media?parent=11499"}],"curies":[{"name":"wp","href":"https:\/\/api.w.org\/{rel}","templated":true}]}}