{"id":11003,"date":"2025-10-12T10:20:04","date_gmt":"2025-10-12T08:20:04","guid":{"rendered":"https:\/\/thaiharmonia.hu\/?page_id=11003"},"modified":"2025-10-12T10:20:04","modified_gmt":"2025-10-12T08:20:04","slug":"ajandekutalvany","status":"publish","type":"page","link":"https:\/\/thaiharmonia.hu\/en\/ajandekutalvany\/","title":{"rendered":"Gift card"},"content":{"rendered":"<p>[et_pb_section fb_built=&#8221;1&#8243; fullwidth=&#8221;on&#8221; _builder_version=&#8221;4.16&#8243; _module_preset=&#8221;default&#8221; custom_margin=&#8221;||||false|false&#8221; global_colors_info=&#8221;{}&#8221; da_is_popup=&#8221;off&#8221; da_exit_intent=&#8221;off&#8221; da_has_close=&#8221;on&#8221; da_alt_close=&#8221;off&#8221; da_dark_close=&#8221;off&#8221; da_not_modal=&#8221;on&#8221; da_is_singular=&#8221;off&#8221; da_with_loader=&#8221;off&#8221; da_has_shadow=&#8221;on&#8221; da_disable_devices=&#8221;off|off|off&#8221;][et_pb_fullwidth_header title=&#8221;AJ\u00c1ND\u00c9KUTALV\u00c1NY&#8221; _builder_version=&#8221;4.16&#8243; _module_preset=&#8221;default&#8221; title_font=&#8221;Times New Roman||||||||&#8221; title_text_align=&#8221;center&#8221; title_font_size=&#8221;60px&#8221; title_letter_spacing=&#8221;0.2em&#8221; background_color=&#8221;rgba(0,0,0,0.61)&#8221; background_image=&#8221;https:\/\/thaiharmonia.hu\/wp-content\/uploads\/2021\/07\/hero-hotel.jpeg&#8221; background_position=&#8221;top_center&#8221; background_blend=&#8221;darken&#8221; width=&#8221;100%&#8221; max_height=&#8221;300px&#8221; custom_margin=&#8221;||||false|false&#8221; custom_padding=&#8221;100px||100px||true|false&#8221; custom_padding_tablet=&#8221;150px||150px||true|false&#8221; custom_padding_phone=&#8221;100px||100px||true|false&#8221; custom_padding_last_edited=&#8221;on|phone&#8221; title_font_size_tablet=&#8221;50px&#8221; title_font_size_phone=&#8221;24px&#8221; title_font_size_last_edited=&#8221;on|phone&#8221; global_colors_info=&#8221;{}&#8221;][\/et_pb_fullwidth_header][\/et_pb_section][et_pb_section fb_built=&#8221;1&#8243; _builder_version=&#8221;4.16&#8243; _module_preset=&#8221;default&#8221; global_colors_info=&#8221;{}&#8221; da_is_popup=&#8221;off&#8221; da_exit_intent=&#8221;off&#8221; da_has_close=&#8221;on&#8221; da_alt_close=&#8221;off&#8221; da_dark_close=&#8221;off&#8221; da_not_modal=&#8221;on&#8221; da_is_singular=&#8221;off&#8221; da_with_loader=&#8221;off&#8221; da_has_shadow=&#8221;on&#8221; da_disable_devices=&#8221;off|off|off&#8221;][et_pb_row _builder_version=&#8221;4.16&#8243; _module_preset=&#8221;default&#8221; global_colors_info=&#8221;{}&#8221;][et_pb_column type=&#8221;4_4&#8243; _builder_version=&#8221;4.16&#8243; _module_preset=&#8221;default&#8221; global_colors_info=&#8221;{}&#8221;][et_pb_text _builder_version=&#8221;4.16&#8243; _module_preset=&#8221;default&#8221; header_2_font=&#8221;Times New Roman||||||||&#8221; header_2_font_size=&#8221;40px&#8221; header_2_font_size_tablet=&#8221;30px&#8221; header_2_font_size_phone=&#8221;25px&#8221; header_2_font_size_last_edited=&#8221;on|phone&#8221; global_colors_info=&#8221;{}&#8221;]<\/p>\n<h2>Aj\u00e1nd\u00e9kozzon kikapcsol\u00f3d\u00e1st szeretteinek!<\/h2>\n<p>[\/et_pb_text][\/et_pb_column][\/et_pb_row][et_pb_row column_structure=&#8221;1_2,1_2&#8243; _builder_version=&#8221;4.16&#8243; _module_preset=&#8221;default&#8221; hover_enabled=&#8221;0&#8243; global_colors_info=&#8221;{}&#8221; sticky_enabled=&#8221;0&#8243;][et_pb_column type=&#8221;1_2&#8243; _builder_version=&#8221;4.16&#8243; _module_preset=&#8221;default&#8221; global_colors_info=&#8221;{}&#8221;][et_pb_wc_images product=&#8221;644&#8243; _builder_version=&#8221;4.16&#8243; _module_preset=&#8221;default&#8221; global_colors_info=&#8221;{}&#8221;][\/et_pb_wc_images][\/et_pb_column][et_pb_column type=&#8221;1_2&#8243; _builder_version=&#8221;4.16&#8243; _module_preset=&#8221;default&#8221; global_colors_info=&#8221;{}&#8221;][et_pb_wc_description product=&#8221;644&#8243; description_type=&#8221;description&#8221; _builder_version=&#8221;4.16&#8243; _module_preset=&#8221;default&#8221; body_font=&#8221;Times New Roman||||||||&#8221; body_font_size=&#8221;17px&#8221; header_font=&#8221;Times New Roman||||||||&#8221; global_colors_info=&#8221;{}&#8221;][\/et_pb_wc_description][et_pb_wc_add_to_cart product=&#8221;644&#8243; show_stock=&#8221;off&#8221; _builder_version=&#8221;4.16&#8243; _module_preset=&#8221;default&#8221; fields_background_color=&#8221;#5c4715&#8243; fields_text_color=&#8221;#FFFFFF&#8221; fields_custom_margin=&#8221;||||false|false&#8221; dropdown_menus_background_color=&#8221;#FFFBF5&#8243; dropdown_menus_text_color=&#8221;#8F5F25&#8243; field_label_font=&#8221;Times New Roman|700|||||||&#8221; field_label_font_size=&#8221;17px&#8221; fields_font=&#8221;Times New Roman||||||||&#8221; fields_font_size=&#8221;17px&#8221; dropdown_menus_font=&#8221;Times New Roman||||||||&#8221; dropdown_menus_font_size=&#8221;17px&#8221; custom_button=&#8221;on&#8221; button_text_size=&#8221;17px&#8221; button_text_color=&#8221;#FFFFFF&#8221; button_bg_color=&#8221;#5c4715&#8243; button_border_width=&#8221;2px&#8221; button_border_color=&#8221;#5c4715&#8243; button_border_radius=&#8221;10px&#8221; button_font=&#8221;Times New Roman|||on|||||&#8221; button_use_icon=&#8221;off&#8221; border_radii_fields=&#8221;on|10px|10px|10px|10px&#8221; body_font=&#8221;Times New Roman|700|||||||&#8221; body_font_size=&#8221;17px&#8221; global_colors_info=&#8221;{}&#8221; button_bg_color__hover_enabled=&#8221;on|hover&#8221; button_text_color__hover_enabled=&#8221;on|hover&#8221; button_text_color__hover=&#8221;#5c4715&#8243; button_bg_color__hover=&#8221;#FFFFFF&#8221; button_bg_enable_color__hover=&#8221;on&#8221; button_border_color__hover=&#8221;#5c4715&#8243; button_border_color__hover_enabled=&#8221;on|hover&#8221;][\/et_pb_wc_add_to_cart][\/et_pb_column][\/et_pb_row][\/et_pb_section]<\/p>\n","protected":false},"excerpt":{"rendered":"<p>Book an appointment online or give your loved ones relaxation as a gift!<\/p>","protected":false},"author":12,"featured_media":0,"parent":0,"menu_order":0,"comment_status":"closed","ping_status":"closed","template":"","meta":{"_et_pb_use_builder":"on","_et_pb_old_content":"","_et_gb_content_width":"","footnotes":""},"class_list":["post-11003","page","type-page","status-publish","hentry"],"yoast_head":"<!-- This site is optimized with the Yoast SEO plugin v27.3 - https:\/\/yoast.com\/product\/yoast-seo-wordpress\/ -->\n<title>Aj\u00e1nd\u00e9kutalv\u00e1ny - Thai Harm\u00f3nia Massz\u00e1zs<\/title>\n<meta name=\"robots\" content=\"index, follow, max-snippet:-1, max-image-preview:large, max-video-preview:-1\" \/>\n<link rel=\"canonical\" href=\"https:\/\/thaiharmonia.hu\/en\/ajandekutalvany\/\" \/>\n<meta property=\"og:locale\" content=\"en_GB\" \/>\n<meta property=\"og:type\" content=\"article\" \/>\n<meta property=\"og:title\" content=\"Aj\u00e1nd\u00e9kutalv\u00e1ny - Thai Harm\u00f3nia Massz\u00e1zs\" \/>\n<meta property=\"og:description\" content=\"Aj\u00e1nd\u00e9kozzon kikapcsol\u00f3d\u00e1st szeretteinek!\" \/>\n<meta property=\"og:url\" content=\"https:\/\/thaiharmonia.hu\/en\/ajandekutalvany\/\" \/>\n<meta property=\"og:site_name\" content=\"Thai Harm\u00f3nia Massz\u00e1zs\" \/>\n<meta name=\"twitter:card\" content=\"summary_large_image\" \/>\n<meta name=\"twitter:label1\" content=\"Estimated reading time\" \/>\n\t<meta name=\"twitter:data1\" content=\"3 minutes\" \/>\n<script type=\"application\/ld+json\" class=\"yoast-schema-graph\">{\"@context\":\"https:\\\/\\\/schema.org\",\"@graph\":[{\"@type\":\"WebPage\",\"@id\":\"https:\\\/\\\/thaiharmonia.hu\\\/ajandekutalvany\\\/\",\"url\":\"https:\\\/\\\/thaiharmonia.hu\\\/ajandekutalvany\\\/\",\"name\":\"Aj\u00e1nd\u00e9kutalv\u00e1ny - Thai Harm\u00f3nia Massz\u00e1zs\",\"isPartOf\":{\"@id\":\"https:\\\/\\\/thaiharmonia.hu\\\/#website\"},\"datePublished\":\"2025-10-12T08:20:04+00:00\",\"breadcrumb\":{\"@id\":\"https:\\\/\\\/thaiharmonia.hu\\\/ajandekutalvany\\\/#breadcrumb\"},\"inLanguage\":\"en-GB\",\"potentialAction\":[{\"@type\":\"ReadAction\",\"target\":[\"https:\\\/\\\/thaiharmonia.hu\\\/ajandekutalvany\\\/\"]}]},{\"@type\":\"BreadcrumbList\",\"@id\":\"https:\\\/\\\/thaiharmonia.hu\\\/ajandekutalvany\\\/#breadcrumb\",\"itemListElement\":[{\"@type\":\"ListItem\",\"position\":1,\"name\":\"Kezd\u0151lap\",\"item\":\"https:\\\/\\\/thaiharmonia.hu\\\/\"},{\"@type\":\"ListItem\",\"position\":2,\"name\":\"Aj\u00e1nd\u00e9kutalv\u00e1ny\"}]},{\"@type\":\"WebSite\",\"@id\":\"https:\\\/\\\/thaiharmonia.hu\\\/#website\",\"url\":\"https:\\\/\\\/thaiharmonia.hu\\\/\",\"name\":\"Thai Harm\u00f3nia Massz\u00e1zs\",\"description\":\"thaiharmonia.hu\",\"potentialAction\":[{\"@type\":\"SearchAction\",\"target\":{\"@type\":\"EntryPoint\",\"urlTemplate\":\"https:\\\/\\\/thaiharmonia.hu\\\/?s={search_term_string}\"},\"query-input\":{\"@type\":\"PropertyValueSpecification\",\"valueRequired\":true,\"valueName\":\"search_term_string\"}}],\"inLanguage\":\"en-GB\"}]}<\/script>\n<!-- \/ Yoast SEO plugin. -->","yoast_head_json":{"title":"Aj\u00e1nd\u00e9kutalv\u00e1ny - Thai Harm\u00f3nia Massz\u00e1zs","robots":{"index":"index","follow":"follow","max-snippet":"max-snippet:-1","max-image-preview":"max-image-preview:large","max-video-preview":"max-video-preview:-1"},"canonical":"https:\/\/thaiharmonia.hu\/en\/ajandekutalvany\/","og_locale":"en_GB","og_type":"article","og_title":"Aj\u00e1nd\u00e9kutalv\u00e1ny - Thai Harm\u00f3nia Massz\u00e1zs","og_description":"Aj\u00e1nd\u00e9kozzon kikapcsol\u00f3d\u00e1st szeretteinek!","og_url":"https:\/\/thaiharmonia.hu\/en\/ajandekutalvany\/","og_site_name":"Thai Harm\u00f3nia Massz\u00e1zs","twitter_card":"summary_large_image","twitter_misc":{"Estimated reading time":"3 minutes"},"schema":{"@context":"https:\/\/schema.org","@graph":[{"@type":"WebPage","@id":"https:\/\/thaiharmonia.hu\/ajandekutalvany\/","url":"https:\/\/thaiharmonia.hu\/ajandekutalvany\/","name":"Aj\u00e1nd\u00e9kutalv\u00e1ny - Thai Harm\u00f3nia Massz\u00e1zs","isPartOf":{"@id":"https:\/\/thaiharmonia.hu\/#website"},"datePublished":"2025-10-12T08:20:04+00:00","breadcrumb":{"@id":"https:\/\/thaiharmonia.hu\/ajandekutalvany\/#breadcrumb"},"inLanguage":"en-GB","potentialAction":[{"@type":"ReadAction","target":["https:\/\/thaiharmonia.hu\/ajandekutalvany\/"]}]},{"@type":"BreadcrumbList","@id":"https:\/\/thaiharmonia.hu\/ajandekutalvany\/#breadcrumb","itemListElement":[{"@type":"ListItem","position":1,"name":"Kezd\u0151lap","item":"https:\/\/thaiharmonia.hu\/"},{"@type":"ListItem","position":2,"name":"Aj\u00e1nd\u00e9kutalv\u00e1ny"}]},{"@type":"WebSite","@id":"https:\/\/thaiharmonia.hu\/#website","url":"https:\/\/thaiharmonia.hu\/","name":"Thai Harm\u00f3nia Massz\u00e1zs","description":"thaiharmonia.hu","potentialAction":[{"@type":"SearchAction","target":{"@type":"EntryPoint","urlTemplate":"https:\/\/thaiharmonia.hu\/?s={search_term_string}"},"query-input":{"@type":"PropertyValueSpecification","valueRequired":true,"valueName":"search_term_string"}}],"inLanguage":"en-GB"}]}},"_links":{"self":[{"href":"https:\/\/thaiharmonia.hu\/en\/wp-json\/wp\/v2\/pages\/11003","targetHints":{"allow":["GET"]}}],"collection":[{"href":"https:\/\/thaiharmonia.hu\/en\/wp-json\/wp\/v2\/pages"}],"about":[{"href":"https:\/\/thaiharmonia.hu\/en\/wp-json\/wp\/v2\/types\/page"}],"author":[{"embeddable":true,"href":"https:\/\/thaiharmonia.hu\/en\/wp-json\/wp\/v2\/users\/12"}],"replies":[{"embeddable":true,"href":"https:\/\/thaiharmonia.hu\/en\/wp-json\/wp\/v2\/comments?post=11003"}],"version-history":[{"count":1,"href":"https:\/\/thaiharmonia.hu\/en\/wp-json\/wp\/v2\/pages\/11003\/revisions"}],"predecessor-version":[{"id":11004,"href":"https:\/\/thaiharmonia.hu\/en\/wp-json\/wp\/v2\/pages\/11003\/revisions\/11004"}],"wp:attachment":[{"href":"https:\/\/thaiharmonia.hu\/en\/wp-json\/wp\/v2\/media?parent=11003"}],"curies":[{"name":"wp","href":"https:\/\/api.w.org\/{rel}","templated":true}]}}